{"id":4616,"date":"2020-08-02T13:31:58","date_gmt":"2020-08-02T13:31:58","guid":{"rendered":"http:\/\/www.paikkatietokonsultit.fi\/?page_id=4616"},"modified":"2022-03-29T07:55:54","modified_gmt":"2022-03-29T07:55:54","slug":"yhteystiedot","status":"publish","type":"page","link":"https:\/\/www.paikkatietokonsultit.fi\/sv\/yhteystiedot\/","title":{"rendered":"KONTAKT"},"content":{"rendered":"<p>Paikkatietokonsultit Oy<br \/>\nFriisil\u00e4ntie 25<br \/>\n02240 Espoo<br \/>\nPuh. 040 560 3159<\/p>\n<p>info@paikkatietokonsultit.fi<br \/>\nfornamn.efternamn@paikkatietokonsultit.fi<\/p>\n\n<p><a href=\"\/sv\/_wp_link_placeholder\/\" data-wplink-edit=\"true\"><div class=\"fusion-one-half fusion-layout-column fusion-column-last fusion-spacing-yes\" style=\"margin-top:0px;margin-bottom:20px;\"><div class=\"fusion-column-wrapper\"><\/a><iframe loading=\"lazy\" title=\"Paikkatietokonsultit - Sijaintikartta\" src=\"\/\/ptkonsultit.maps.arcgis.com\/apps\/Embed\/index.html?webmap=3b5749a707ca453d87ce0acaf5af1ca1&amp;extent=24.7000,60.1620,24.7440,60.1715&amp;zoom=true&amp;scale=true&amp;disable_scroll=true&amp;theme=light\" width=\"500\" height=\"400\" frameborder=\"0\" marginwidth=\"0\" marginheight=\"0\" scrolling=\"no\"><\/iframe><a href=\"\/sv\/_wp_link_placeholder\/\"><div class=\"fusion-clearfix\"><\/div><\/div><\/div><div class=\"fusion-clearfix\"><\/div><\/a><\/p>","protected":false},"excerpt":{"rendered":"","protected":false},"author":2,"featured_media":0,"parent":0,"menu_order":0,"comment_status":"closed","ping_status":"closed","template":"","meta":{"_monsterinsights_skip_tracking":false,"_monsterinsights_sitenote_active":false,"_monsterinsights_sitenote_note":"","_monsterinsights_sitenote_category":0,"footnotes":""},"class_list":["post-4616","page","type-page","status-publish","hentry"],"yoast_head":"<!-- This site is optimized with the Yoast SEO Premium plugin v23.0 (Yoast SEO v23.0) - https:\/\/yoast.com\/wordpress\/plugins\/seo\/ -->\n<title>Yhteystiedot | Paikkatietokonsultit Oy<\/title>\n<meta name=\"description\" content=\"Ota meihin yhteytt\u00e4! Autamme paikkatietojen paremmassa hy\u00f6dynt\u00e4misess\u00e4 niin isoissa kuin pieniss\u00e4kin projekteissa.\" \/>\n<meta name=\"robots\" content=\"index, follow, max-snippet:-1, max-image-preview:large, max-video-preview:-1\" \/>\n<link rel=\"canonical\" href=\"https:\/\/www.paikkatietokonsultit.fi\/sv\/yhteystiedot\/\" \/>\n<meta property=\"og:locale\" content=\"sv_SE\" \/>\n<meta property=\"og:type\" content=\"article\" \/>\n<meta property=\"og:title\" content=\"YHTEYSTIEDOT\" \/>\n<meta property=\"og:description\" content=\"Ota meihin yhteytt\u00e4! Autamme paikkatietojen paremmassa hy\u00f6dynt\u00e4misess\u00e4 niin isoissa kuin pieniss\u00e4kin projekteissa.\" \/>\n<meta property=\"og:url\" content=\"https:\/\/www.paikkatietokonsultit.fi\/sv\/yhteystiedot\/\" \/>\n<meta property=\"og:site_name\" content=\"Paikkatietokonsultit\" \/>\n<meta property=\"article:modified_time\" content=\"2022-03-29T07:55:54+00:00\" \/>\n<meta property=\"og:image\" content=\"https:\/\/www.paikkatietokonsultit.fi\/wp-content\/uploads\/2016\/08\/logo1.jpg\" \/>\n\t<meta property=\"og:image:width\" content=\"200\" \/>\n\t<meta property=\"og:image:height\" content=\"105\" \/>\n\t<meta property=\"og:image:type\" content=\"image\/jpeg\" \/>\n<meta name=\"twitter:card\" content=\"summary_large_image\" \/>\n<meta name=\"twitter:label1\" content=\"Ber\u00e4knad l\u00e4stid\" \/>\n\t<meta name=\"twitter:data1\" content=\"1 minut\" \/>\n<script type=\"application\/ld+json\" class=\"yoast-schema-graph\">{\"@context\":\"https:\/\/schema.org\",\"@graph\":[{\"@type\":\"WebPage\",\"@id\":\"https:\/\/www.paikkatietokonsultit.fi\/yhteystiedot\/\",\"url\":\"https:\/\/www.paikkatietokonsultit.fi\/yhteystiedot\/\",\"name\":\"Yhteystiedot | Paikkatietokonsultit Oy\",\"isPartOf\":{\"@id\":\"https:\/\/www.paikkatietokonsultit.fi\/#website\"},\"datePublished\":\"2020-08-02T13:31:58+00:00\",\"dateModified\":\"2022-03-29T07:55:54+00:00\",\"description\":\"Ota meihin yhteytt\u00e4! Autamme paikkatietojen paremmassa hy\u00f6dynt\u00e4misess\u00e4 niin isoissa kuin pieniss\u00e4kin projekteissa.\",\"breadcrumb\":{\"@id\":\"https:\/\/www.paikkatietokonsultit.fi\/yhteystiedot\/#breadcrumb\"},\"inLanguage\":\"sv-SE\",\"potentialAction\":[{\"@type\":\"ReadAction\",\"target\":[\"https:\/\/www.paikkatietokonsultit.fi\/yhteystiedot\/\"]}]},{\"@type\":\"BreadcrumbList\",\"@id\":\"https:\/\/www.paikkatietokonsultit.fi\/yhteystiedot\/#breadcrumb\",\"itemListElement\":[{\"@type\":\"ListItem\",\"position\":1,\"name\":\"Home\",\"item\":\"https:\/\/www.paikkatietokonsultit.fi\/\"},{\"@type\":\"ListItem\",\"position\":2,\"name\":\"YHTEYSTIEDOT\"}]},{\"@type\":\"WebSite\",\"@id\":\"https:\/\/www.paikkatietokonsultit.fi\/#website\",\"url\":\"https:\/\/www.paikkatietokonsultit.fi\/\",\"name\":\"Paikkatietokonsultit\",\"description\":\"\",\"publisher\":{\"@id\":\"https:\/\/www.paikkatietokonsultit.fi\/#organization\"},\"potentialAction\":[{\"@type\":\"SearchAction\",\"target\":{\"@type\":\"EntryPoint\",\"urlTemplate\":\"https:\/\/www.paikkatietokonsultit.fi\/?s={search_term_string}\"},\"query-input\":\"required name=search_term_string\"}],\"inLanguage\":\"sv-SE\"},{\"@type\":\"Organization\",\"@id\":\"https:\/\/www.paikkatietokonsultit.fi\/#organization\",\"name\":\"Paikkatietokonsultit Oy\",\"url\":\"https:\/\/www.paikkatietokonsultit.fi\/\",\"logo\":{\"@type\":\"ImageObject\",\"inLanguage\":\"sv-SE\",\"@id\":\"https:\/\/www.paikkatietokonsultit.fi\/#\/schema\/logo\/image\/\",\"url\":\"https:\/\/www.paikkatietokonsultit.fi\/wp-content\/uploads\/2022\/03\/Logo_Paikkatietokonsultit.png\",\"contentUrl\":\"https:\/\/www.paikkatietokonsultit.fi\/wp-content\/uploads\/2022\/03\/Logo_Paikkatietokonsultit.png\",\"width\":783,\"height\":395,\"caption\":\"Paikkatietokonsultit Oy\"},\"image\":{\"@id\":\"https:\/\/www.paikkatietokonsultit.fi\/#\/schema\/logo\/image\/\"}}]}<\/script>\n<!-- \/ Yoast SEO Premium plugin. -->","yoast_head_json":{"title":"Yhteystiedot | Paikkatietokonsultit Oy","description":"Ota meihin yhteytt\u00e4! Autamme paikkatietojen paremmassa hy\u00f6dynt\u00e4misess\u00e4 niin isoissa kuin pieniss\u00e4kin projekteissa.","robots":{"index":"index","follow":"follow","max-snippet":"max-snippet:-1","max-image-preview":"max-image-preview:large","max-video-preview":"max-video-preview:-1"},"canonical":"https:\/\/www.paikkatietokonsultit.fi\/sv\/yhteystiedot\/","og_locale":"sv_SE","og_type":"article","og_title":"YHTEYSTIEDOT","og_description":"Ota meihin yhteytt\u00e4! Autamme paikkatietojen paremmassa hy\u00f6dynt\u00e4misess\u00e4 niin isoissa kuin pieniss\u00e4kin projekteissa.","og_url":"https:\/\/www.paikkatietokonsultit.fi\/sv\/yhteystiedot\/","og_site_name":"Paikkatietokonsultit","article_modified_time":"2022-03-29T07:55:54+00:00","og_image":[{"width":200,"height":105,"url":"https:\/\/www.paikkatietokonsultit.fi\/wp-content\/uploads\/2016\/08\/logo1.jpg","type":"image\/jpeg"}],"twitter_card":"summary_large_image","twitter_misc":{"Ber\u00e4knad l\u00e4stid":"1 minut"},"schema":{"@context":"https:\/\/schema.org","@graph":[{"@type":"WebPage","@id":"https:\/\/www.paikkatietokonsultit.fi\/yhteystiedot\/","url":"https:\/\/www.paikkatietokonsultit.fi\/yhteystiedot\/","name":"Yhteystiedot | Paikkatietokonsultit Oy","isPartOf":{"@id":"https:\/\/www.paikkatietokonsultit.fi\/#website"},"datePublished":"2020-08-02T13:31:58+00:00","dateModified":"2022-03-29T07:55:54+00:00","description":"Ota meihin yhteytt\u00e4! Autamme paikkatietojen paremmassa hy\u00f6dynt\u00e4misess\u00e4 niin isoissa kuin pieniss\u00e4kin projekteissa.","breadcrumb":{"@id":"https:\/\/www.paikkatietokonsultit.fi\/yhteystiedot\/#breadcrumb"},"inLanguage":"sv-SE","potentialAction":[{"@type":"ReadAction","target":["https:\/\/www.paikkatietokonsultit.fi\/yhteystiedot\/"]}]},{"@type":"BreadcrumbList","@id":"https:\/\/www.paikkatietokonsultit.fi\/yhteystiedot\/#breadcrumb","itemListElement":[{"@type":"ListItem","position":1,"name":"Home","item":"https:\/\/www.paikkatietokonsultit.fi\/"},{"@type":"ListItem","position":2,"name":"YHTEYSTIEDOT"}]},{"@type":"WebSite","@id":"https:\/\/www.paikkatietokonsultit.fi\/#website","url":"https:\/\/www.paikkatietokonsultit.fi\/","name":"Paikkatietokonsultit","description":"","publisher":{"@id":"https:\/\/www.paikkatietokonsultit.fi\/#organization"},"potentialAction":[{"@type":"SearchAction","target":{"@type":"EntryPoint","urlTemplate":"https:\/\/www.paikkatietokonsultit.fi\/?s={search_term_string}"},"query-input":"required name=search_term_string"}],"inLanguage":"sv-SE"},{"@type":"Organization","@id":"https:\/\/www.paikkatietokonsultit.fi\/#organization","name":"Paikkatietokonsultit Oy","url":"https:\/\/www.paikkatietokonsultit.fi\/","logo":{"@type":"ImageObject","inLanguage":"sv-SE","@id":"https:\/\/www.paikkatietokonsultit.fi\/#\/schema\/logo\/image\/","url":"https:\/\/www.paikkatietokonsultit.fi\/wp-content\/uploads\/2022\/03\/Logo_Paikkatietokonsultit.png","contentUrl":"https:\/\/www.paikkatietokonsultit.fi\/wp-content\/uploads\/2022\/03\/Logo_Paikkatietokonsultit.png","width":783,"height":395,"caption":"Paikkatietokonsultit Oy"},"image":{"@id":"https:\/\/www.paikkatietokonsultit.fi\/#\/schema\/logo\/image\/"}}]}},"_links":{"self":[{"href":"https:\/\/www.paikkatietokonsultit.fi\/sv\/wp-json\/wp\/v2\/pages\/4616","targetHints":{"allow":["GET"]}}],"collection":[{"href":"https:\/\/www.paikkatietokonsultit.fi\/sv\/wp-json\/wp\/v2\/pages"}],"about":[{"href":"https:\/\/www.paikkatietokonsultit.fi\/sv\/wp-json\/wp\/v2\/types\/page"}],"author":[{"embeddable":true,"href":"https:\/\/www.paikkatietokonsultit.fi\/sv\/wp-json\/wp\/v2\/users\/2"}],"replies":[{"embeddable":true,"href":"https:\/\/www.paikkatietokonsultit.fi\/sv\/wp-json\/wp\/v2\/comments?post=4616"}],"version-history":[{"count":91,"href":"https:\/\/www.paikkatietokonsultit.fi\/sv\/wp-json\/wp\/v2\/pages\/4616\/revisions"}],"predecessor-version":[{"id":6541,"href":"https:\/\/www.paikkatietokonsultit.fi\/sv\/wp-json\/wp\/v2\/pages\/4616\/revisions\/6541"}],"wp:attachment":[{"href":"https:\/\/www.paikkatietokonsultit.fi\/sv\/wp-json\/wp\/v2\/media?parent=4616"}],"curies":[{"name":"wp","href":"https:\/\/api.w.org\/{rel}","templated":true}]}}