{"id":4880,"date":"2016-09-20T06:21:59","date_gmt":"2016-09-20T06:21:59","guid":{"rendered":"http:\/\/www.paikkatietokonsultit.fi\/?page_id=4880"},"modified":"2021-05-26T07:52:02","modified_gmt":"2021-05-26T07:52:02","slug":"liikepaikkasuunnittelu","status":"publish","type":"page","link":"https:\/\/www.paikkatietokonsultit.fi\/sv\/liikepaikkasuunnittelu\/","title":{"rendered":"Liikepaikkasuunnittelu"},"content":{"rendered":"<p><strong>Yksi keskeisist\u00e4 palveluistamme ovat analyysit asiakkaidemme liikepaikkasuunnittelun p\u00e4\u00e4t\u00f6ksenteon tueksi. Asiakkaamme tarpeen mukaan tarjoamme apuamme joko liikepaikka-analyysin kaikkiin vaiheisiin tai tukeamme tiettyjen vaiheiden tekemiseen.<\/strong><\/p>\n\n\n\n<p>Liikepaikkasuunnittelu t\u00e4ht\u00e4\u00e4 liiketoiminnan optimaalisen sijoittamiseen tai olemassa olevan liikepaikkaverkoston tehostamiseen. Analysoimalla liikepaikkojen sijaintia voidaan esimerkiksi selvitt\u00e4\u00e4, millaisista kuluttajista liikepaikan asiakaskunta koostuu, miss\u00e4 potentiaalisimmat asiakkaat sijaitsevat, millainen on ymp\u00e4rist\u00f6n v\u00e4est\u00f6pohja ja millainen on liikepaikan suhde kilpailijoihin n\u00e4hden. Kartalle visualisoituna tuloksia on helppo esitt\u00e4\u00e4 ja hahmottaa.<\/p>\n\n\n\n<blockquote class=\"wp-block-quote is-layout-flow wp-block-quote-is-layout-flow\"><p>Kuinka paljon potentiaalisen tai olemassa olevan liikepaikan palvelualueella asuu v\u00e4est\u00f6\u00e4? Millainen on asukkaiden ik\u00e4jakauma tai koulutustaso? Mik\u00e4 asumusmuoto on suosituin? Miten alueen v\u00e4est\u00f6 kehittyy tulevaisuudessa?<\/p><\/blockquote>\n\n\n\n<p>Liiketoiminnan oikea maantieteellinen sijoittuminen koostuu sarjasta p\u00e4\u00e4t\u00f6ksi\u00e4, joiden pohjalla on l\u00e4hes poikkeuksetta sijaintiin perustuvaa tietoa. Me tarjoamme palveluna t\u00e4m\u00e4n tiedon ker\u00e4\u00e4mist\u00e4, analysointia ja raportointia siten, ett\u00e4 se palvelee sijoittumisp\u00e4\u00e4t\u00f6st\u00e4si ja toimintaasi.<\/p>\n\n\n\n<p>Palvelumme avulla voitat itsellesi aikaa ja analysoituun dataan perustuvaa parempaa ymm\u00e4rryst\u00e4 hankkeestasi. K\u00e4yt\u00f6ss\u00e4mme on kattavat paikkatietoaineistot v\u00e4est\u00f6st\u00e4, kaavoituksesta, liikenteest\u00e4, palveluista, taloudesta ja saavutettavuudesta. Niiden ja omien tietojesi avulla eri sijaintivaihtoehtoja on mahdollista verrata kesken\u00e4\u00e4n \u00e4lykk\u00e4\u00e4sti.<\/p>\n\n\n\n<p>Tarjoamamme palvelun vaiheita ovat:<\/p>\n\n\n\n<ul class=\"wp-block-list\"><li>Hankkeen valmistelu, tavoitteiden kirkastaminen<\/li><li>Paikkatietoanalyysimenetelm\u00e4n valinta<\/li><li>Taustatietojen ja aineistojen kokoaminen<\/li><li>Paikkatietojen k\u00e4sittely ja analyysi<\/li><li>Raportti, karttavisualisoinnit, johtop\u00e4\u00e4t\u00f6kset ja suositukset<\/li><\/ul>\n\n\n\n<p>Tarpeestasi riippuen voimme toteuttaa laajankin toimeksiannon t\u00e4m\u00e4n mallin mukaisesti alusta loppuun tai voit tilata meilt\u00e4 apua vaikkapa vain yhden ty\u00f6vaiheen tekemiseen. Olemme my\u00f6s palvelleet asiakkaitamme esimerkiksi hankkimalla tarvittavat paikkatietoaineistot, jotta asiakkaan oma paikkatietoasiantuntija on voinut keskitty\u00e4 tehokkaammin muihin ty\u00f6vaiheisiin. Tuomme n\u00e4in tarvittaessa lis\u00e4resursseja liikepaikkasuunnitteluusi tarjoamalla dataan ja analyysiin perustuvaa l\u00e4hestymistapaa optimaalisen sijainnin valintaan ja verkoston hallintaan.<\/p>\n\n\n\n<p><\/p>\n\n\n\n<p><strong>Liikepaikka-analyysien tietopaketti tulossa pian!<\/strong> Ilmainen tietopaketti tulee sis\u00e4lt\u00e4m\u00e4\u00e4n interaktiivisia karttoja, demoja ja runsaasti hy\u00f6dyllist\u00e4 tietoa, joka auttaa sinua paikkatietopohjaisen liikepaikka-analyysin suunnittelussa.<\/p>","protected":false},"excerpt":{"rendered":"<p>Yksi keskeisist\u00e4 palveluistamme ovat analyysit asiakkaidemme liikepaikkasuunnittelun p\u00e4\u00e4t\u00f6ksenteon tueksi. Asiakkaamme tarpeen mukaan tarjoamme apuamme joko [&hellip;]<\/p>","protected":false},"author":2,"featured_media":0,"parent":0,"menu_order":0,"comment_status":"closed","ping_status":"closed","template":"","meta":{"_monsterinsights_skip_tracking":false,"_monsterinsights_sitenote_active":false,"_monsterinsights_sitenote_note":"","_monsterinsights_sitenote_category":0,"footnotes":""},"class_list":["post-4880","page","type-page","status-publish","hentry"],"yoast_head":"<!-- This site is optimized with the Yoast SEO Premium plugin v23.0 (Yoast SEO v23.0) - https:\/\/yoast.com\/wordpress\/plugins\/seo\/ -->\n<title>Liikepaikkasuunnittelu - Paikkatietokonsultit<\/title>\n<meta name=\"robots\" content=\"index, follow, max-snippet:-1, max-image-preview:large, max-video-preview:-1\" \/>\n<link rel=\"canonical\" href=\"https:\/\/www.paikkatietokonsultit.fi\/sv\/liikepaikkasuunnittelu\/\" \/>\n<meta property=\"og:locale\" content=\"sv_SE\" \/>\n<meta property=\"og:type\" content=\"article\" \/>\n<meta property=\"og:title\" content=\"Liikepaikkasuunnittelu\" \/>\n<meta property=\"og:description\" content=\"Yksi keskeisist\u00e4 palveluistamme ovat analyysit asiakkaidemme liikepaikkasuunnittelun p\u00e4\u00e4t\u00f6ksenteon tueksi. Asiakkaamme tarpeen mukaan tarjoamme apuamme joko [&hellip;]\" \/>\n<meta property=\"og:url\" content=\"https:\/\/www.paikkatietokonsultit.fi\/sv\/liikepaikkasuunnittelu\/\" \/>\n<meta property=\"og:site_name\" content=\"Paikkatietokonsultit\" \/>\n<meta property=\"article:modified_time\" content=\"2021-05-26T07:52:02+00:00\" \/>\n<meta property=\"og:image\" content=\"https:\/\/www.paikkatietokonsultit.fi\/wp-content\/uploads\/2016\/08\/logo1.jpg\" \/>\n\t<meta property=\"og:image:width\" content=\"200\" \/>\n\t<meta property=\"og:image:height\" content=\"105\" \/>\n\t<meta property=\"og:image:type\" content=\"image\/jpeg\" \/>\n<meta name=\"twitter:card\" content=\"summary_large_image\" \/>\n<meta name=\"twitter:label1\" content=\"Ber\u00e4knad l\u00e4stid\" \/>\n\t<meta name=\"twitter:data1\" content=\"1 minut\" \/>\n<script type=\"application\/ld+json\" class=\"yoast-schema-graph\">{\"@context\":\"https:\/\/schema.org\",\"@graph\":[{\"@type\":\"WebPage\",\"@id\":\"https:\/\/www.paikkatietokonsultit.fi\/sv\/liikepaikkasuunnittelu\/\",\"url\":\"https:\/\/www.paikkatietokonsultit.fi\/sv\/liikepaikkasuunnittelu\/\",\"name\":\"Liikepaikkasuunnittelu - Paikkatietokonsultit\",\"isPartOf\":{\"@id\":\"https:\/\/www.paikkatietokonsultit.fi\/#website\"},\"datePublished\":\"2016-09-20T06:21:59+00:00\",\"dateModified\":\"2021-05-26T07:52:02+00:00\",\"breadcrumb\":{\"@id\":\"https:\/\/www.paikkatietokonsultit.fi\/sv\/liikepaikkasuunnittelu\/#breadcrumb\"},\"inLanguage\":\"sv-SE\",\"potentialAction\":[{\"@type\":\"ReadAction\",\"target\":[\"https:\/\/www.paikkatietokonsultit.fi\/sv\/liikepaikkasuunnittelu\/\"]}]},{\"@type\":\"BreadcrumbList\",\"@id\":\"https:\/\/www.paikkatietokonsultit.fi\/sv\/liikepaikkasuunnittelu\/#breadcrumb\",\"itemListElement\":[{\"@type\":\"ListItem\",\"position\":1,\"name\":\"Home\",\"item\":\"https:\/\/www.paikkatietokonsultit.fi\/\"},{\"@type\":\"ListItem\",\"position\":2,\"name\":\"Liikepaikkasuunnittelu\"}]},{\"@type\":\"WebSite\",\"@id\":\"https:\/\/www.paikkatietokonsultit.fi\/#website\",\"url\":\"https:\/\/www.paikkatietokonsultit.fi\/\",\"name\":\"Paikkatietokonsultit\",\"description\":\"\",\"publisher\":{\"@id\":\"https:\/\/www.paikkatietokonsultit.fi\/#organization\"},\"potentialAction\":[{\"@type\":\"SearchAction\",\"target\":{\"@type\":\"EntryPoint\",\"urlTemplate\":\"https:\/\/www.paikkatietokonsultit.fi\/?s={search_term_string}\"},\"query-input\":\"required name=search_term_string\"}],\"inLanguage\":\"sv-SE\"},{\"@type\":\"Organization\",\"@id\":\"https:\/\/www.paikkatietokonsultit.fi\/#organization\",\"name\":\"Paikkatietokonsultit Oy\",\"url\":\"https:\/\/www.paikkatietokonsultit.fi\/\",\"logo\":{\"@type\":\"ImageObject\",\"inLanguage\":\"sv-SE\",\"@id\":\"https:\/\/www.paikkatietokonsultit.fi\/#\/schema\/logo\/image\/\",\"url\":\"https:\/\/www.paikkatietokonsultit.fi\/wp-content\/uploads\/2022\/03\/Logo_Paikkatietokonsultit.png\",\"contentUrl\":\"https:\/\/www.paikkatietokonsultit.fi\/wp-content\/uploads\/2022\/03\/Logo_Paikkatietokonsultit.png\",\"width\":783,\"height\":395,\"caption\":\"Paikkatietokonsultit Oy\"},\"image\":{\"@id\":\"https:\/\/www.paikkatietokonsultit.fi\/#\/schema\/logo\/image\/\"}}]}<\/script>\n<!-- \/ Yoast SEO Premium plugin. -->","yoast_head_json":{"title":"Liikepaikkasuunnittelu - Paikkatietokonsultit","robots":{"index":"index","follow":"follow","max-snippet":"max-snippet:-1","max-image-preview":"max-image-preview:large","max-video-preview":"max-video-preview:-1"},"canonical":"https:\/\/www.paikkatietokonsultit.fi\/sv\/liikepaikkasuunnittelu\/","og_locale":"sv_SE","og_type":"article","og_title":"Liikepaikkasuunnittelu","og_description":"Yksi keskeisist\u00e4 palveluistamme ovat analyysit asiakkaidemme liikepaikkasuunnittelun p\u00e4\u00e4t\u00f6ksenteon tueksi. Asiakkaamme tarpeen mukaan tarjoamme apuamme joko [&hellip;]","og_url":"https:\/\/www.paikkatietokonsultit.fi\/sv\/liikepaikkasuunnittelu\/","og_site_name":"Paikkatietokonsultit","article_modified_time":"2021-05-26T07:52:02+00:00","og_image":[{"width":200,"height":105,"url":"https:\/\/www.paikkatietokonsultit.fi\/wp-content\/uploads\/2016\/08\/logo1.jpg","type":"image\/jpeg"}],"twitter_card":"summary_large_image","twitter_misc":{"Ber\u00e4knad l\u00e4stid":"1 minut"},"schema":{"@context":"https:\/\/schema.org","@graph":[{"@type":"WebPage","@id":"https:\/\/www.paikkatietokonsultit.fi\/sv\/liikepaikkasuunnittelu\/","url":"https:\/\/www.paikkatietokonsultit.fi\/sv\/liikepaikkasuunnittelu\/","name":"Liikepaikkasuunnittelu - Paikkatietokonsultit","isPartOf":{"@id":"https:\/\/www.paikkatietokonsultit.fi\/#website"},"datePublished":"2016-09-20T06:21:59+00:00","dateModified":"2021-05-26T07:52:02+00:00","breadcrumb":{"@id":"https:\/\/www.paikkatietokonsultit.fi\/sv\/liikepaikkasuunnittelu\/#breadcrumb"},"inLanguage":"sv-SE","potentialAction":[{"@type":"ReadAction","target":["https:\/\/www.paikkatietokonsultit.fi\/sv\/liikepaikkasuunnittelu\/"]}]},{"@type":"BreadcrumbList","@id":"https:\/\/www.paikkatietokonsultit.fi\/sv\/liikepaikkasuunnittelu\/#breadcrumb","itemListElement":[{"@type":"ListItem","position":1,"name":"Home","item":"https:\/\/www.paikkatietokonsultit.fi\/"},{"@type":"ListItem","position":2,"name":"Liikepaikkasuunnittelu"}]},{"@type":"WebSite","@id":"https:\/\/www.paikkatietokonsultit.fi\/#website","url":"https:\/\/www.paikkatietokonsultit.fi\/","name":"Paikkatietokonsultit","description":"","publisher":{"@id":"https:\/\/www.paikkatietokonsultit.fi\/#organization"},"potentialAction":[{"@type":"SearchAction","target":{"@type":"EntryPoint","urlTemplate":"https:\/\/www.paikkatietokonsultit.fi\/?s={search_term_string}"},"query-input":"required name=search_term_string"}],"inLanguage":"sv-SE"},{"@type":"Organization","@id":"https:\/\/www.paikkatietokonsultit.fi\/#organization","name":"Paikkatietokonsultit Oy","url":"https:\/\/www.paikkatietokonsultit.fi\/","logo":{"@type":"ImageObject","inLanguage":"sv-SE","@id":"https:\/\/www.paikkatietokonsultit.fi\/#\/schema\/logo\/image\/","url":"https:\/\/www.paikkatietokonsultit.fi\/wp-content\/uploads\/2022\/03\/Logo_Paikkatietokonsultit.png","contentUrl":"https:\/\/www.paikkatietokonsultit.fi\/wp-content\/uploads\/2022\/03\/Logo_Paikkatietokonsultit.png","width":783,"height":395,"caption":"Paikkatietokonsultit Oy"},"image":{"@id":"https:\/\/www.paikkatietokonsultit.fi\/#\/schema\/logo\/image\/"}}]}},"_links":{"self":[{"href":"https:\/\/www.paikkatietokonsultit.fi\/sv\/wp-json\/wp\/v2\/pages\/4880","targetHints":{"allow":["GET"]}}],"collection":[{"href":"https:\/\/www.paikkatietokonsultit.fi\/sv\/wp-json\/wp\/v2\/pages"}],"about":[{"href":"https:\/\/www.paikkatietokonsultit.fi\/sv\/wp-json\/wp\/v2\/types\/page"}],"author":[{"embeddable":true,"href":"https:\/\/www.paikkatietokonsultit.fi\/sv\/wp-json\/wp\/v2\/users\/2"}],"replies":[{"embeddable":true,"href":"https:\/\/www.paikkatietokonsultit.fi\/sv\/wp-json\/wp\/v2\/comments?post=4880"}],"version-history":[{"count":29,"href":"https:\/\/www.paikkatietokonsultit.fi\/sv\/wp-json\/wp\/v2\/pages\/4880\/revisions"}],"predecessor-version":[{"id":6172,"href":"https:\/\/www.paikkatietokonsultit.fi\/sv\/wp-json\/wp\/v2\/pages\/4880\/revisions\/6172"}],"wp:attachment":[{"href":"https:\/\/www.paikkatietokonsultit.fi\/sv\/wp-json\/wp\/v2\/media?parent=4880"}],"curies":[{"name":"wp","href":"https:\/\/api.w.org\/{rel}","templated":true}]}}