{"id":5520,"date":"2020-08-20T12:13:37","date_gmt":"2020-08-20T12:13:37","guid":{"rendered":"http:\/\/www.paikkatietokonsultit.fi\/?page_id=5520"},"modified":"2021-09-14T10:09:54","modified_gmt":"2021-09-14T10:09:54","slug":"opaskartta","status":"publish","type":"page","link":"https:\/\/www.paikkatietokonsultit.fi\/sv\/opaskartta\/","title":{"rendered":"Webbaserade guide- och friluftskartor"},"content":{"rendered":"<p><!--StartFragment--><\/p>\n\n\n<p>Paikkatietokonsultit g\u00f6r webbaserade guidekartor. Genom en automatiserad process produceras guidekartorna snabbt och billigt. Symboliseringen \u00e4r gjord s\u00e5 att kartorna blir mer detaljerade och noggrannare n\u00e4r man zoomar in. Karttj\u00e4nsterna \u00e4r optimerade att ocks\u00e5 fungera p\u00e5 mobila enheter och kan anv\u00e4ndas p\u00e5 svenska, finska eller engelska.<\/p>\n\n\n\n<p>Det kr\u00e4vs inget extra arbete (eller utgifter) f\u00f6r insamling av guidekartans servicedatapunkter, utan punkterna l\u00e4ses fr\u00e5n den f\u00e4rdiga och omfattande databasen som Paikkatietokonsultit uppr\u00e4tth\u00e5ller (och som \u00e4r en del av Finterest-tj\u00e4nsten f\u00f6r turister). Kunder, som anv\u00e4nder guidekartan, f\u00e5r \u00e4ven r\u00e4ttigheter att uppdatera informationen f\u00f6r dessa datapunkter. <\/p>\n\n\n\n<p>Den interaktiva guidekartan kan l\u00e4tt expanderas t.ex. till en helt\u00e4ckande kartj\u00e4nst f\u00f6r kommunen d\u00e4r man bland annat kan publicera information om planer, tomter f\u00f6r f\u00f6rs\u00e4ljning och uthyrning och kommunens egna servicepunkter. Som bakgrundskarta kan man kan \u00e4ven v\u00e4lja att anv\u00e4nda flygbild ist\u00e4llet f\u00f6r guidekartan. <\/p>\n\n\n\n<p>Guidekartorna erbjuds som flexibel gr\u00e4nssnittsservice. Servicen inneh\u00e5ller \u00e4ven en WMS-visningstj\u00e4nst, som kan anv\u00e4ndas t.ex. om man vill visa bakgrundskartan i kommunens egna system och datatj\u00e4nster. <\/p>\n\n\n\n<figure class=\"wp-block-image size-large\"><a href=\"https:\/\/www.paikkatietokonsultit.fi\/sv\/5909-2\/\"><img loading=\"lazy\" decoding=\"async\" width=\"1024\" height=\"656\" src=\"http:\/\/www.paikkatietokonsultit.fi\/wp-content\/uploads\/2020\/08\/opaskartta2-1-1024x656.png\" alt=\"\" class=\"wp-image-5533\" srcset=\"https:\/\/www.paikkatietokonsultit.fi\/wp-content\/uploads\/2020\/08\/opaskartta2-1-200x128.png 200w, https:\/\/www.paikkatietokonsultit.fi\/wp-content\/uploads\/2020\/08\/opaskartta2-1-300x192.png 300w, https:\/\/www.paikkatietokonsultit.fi\/wp-content\/uploads\/2020\/08\/opaskartta2-1-400x256.png 400w, https:\/\/www.paikkatietokonsultit.fi\/wp-content\/uploads\/2020\/08\/opaskartta2-1-460x295.png 460w, https:\/\/www.paikkatietokonsultit.fi\/wp-content\/uploads\/2020\/08\/opaskartta2-1-600x384.png 600w, https:\/\/www.paikkatietokonsultit.fi\/wp-content\/uploads\/2020\/08\/opaskartta2-1-768x492.png 768w, https:\/\/www.paikkatietokonsultit.fi\/wp-content\/uploads\/2020\/08\/opaskartta2-1-800x512.png 800w, https:\/\/www.paikkatietokonsultit.fi\/wp-content\/uploads\/2020\/08\/opaskartta2-1-1024x656.png 1024w, https:\/\/www.paikkatietokonsultit.fi\/wp-content\/uploads\/2020\/08\/opaskartta2-1-1200x769.png 1200w, https:\/\/www.paikkatietokonsultit.fi\/wp-content\/uploads\/2020\/08\/opaskartta2-1.png 1380w\" sizes=\"auto, (max-width: 1024px) 100vw, 1024px\" \/><\/a><\/figure>\n\n\n\n<p class=\" translation-block\"><u><a href=\"https:\/\/www.paikkatietokonsultit.fi\/sv\/5909-2\/\" target=\"_self\" rel=\"noopener noreferrer\">L\u00e4geskartan<\/a><\/u> tj\u00e4nar v\u00e4l t.ex. f\u00f6retag vars kunder \u00e4r intresserade av n\u00e4rliggande tj\u00e4nster (t.ex. hotell eller fastighetsf\u00f6rmedlare).<\/p>\n\n\n\n<p class=\" translation-block\">I <a href=\"https:\/\/paikkatietokonsultit.com\/ulkoilukartta\/#\/home\/sv\/Opaskartta\" target=\"_self\"><u>friluftskartan<\/u><\/a> betonas naturomr\u00e5den samt friluftsleder.<\/p>\n\n\n\n<p class=\" translation-block\">V\u00e5r <u><a href=\"https:\/\/www.paikkatietokonsultit.fi\/finterest\/sv\" target=\"_self\" rel=\"noopener noreferrer\">Finterest-tj\u00e4nst<\/a><\/u> inneh\u00e5ller omfattande information om intressanta resm\u00e5l och fungerar som bra grund f\u00f6r en turistkarta f\u00f6r t.ex. kommuner.<\/p>\n\n\n<div class=\"fusion-button-wrapper fusion-alignleft translation-block\">.fusion-button.button-1 .fusion-button-text, .fusion-button.button-1 i {color:#ffffff;}.fusion-button.button-1 {border-width:1px;border-color:#ffffff;}.fusion-button.button-1 .fusion-button-icon-divider{border-color:#ffffff;}.fusion-button.button-1:hover .fusion-button-text, .fusion-button.button-1:hover i,.fusion-button.button-1:focus .fusion-button-text, .fusion-button.button-1:focus i,.fusion-button.button-1:active .fusion-button-text, .fusion-button.button-1:active{color:#ffffff;}.fusion-button.button-1:hover, .fusion-button.button-1:focus, .fusion-button.button-1:active{border-width:1px;border-color:#ffffff;}.fusion-button.button-1:hover .fusion-button-icon-divider, .fusion-button.button-1:hover .fusion-button-icon-divider, .fusion-button.button-1:active .fusion-button-icon-divider{border-color:#ffffff;}.fusion-button.button-1{background: #e47027;}.fusion-button.button-1:hover,.button-1:focus,.fusion-button.button-1:active{background: #8bcae9;}.fusion-button.button-1{width:auto;}<a class=\"fusion-button button-flat button-round button-medium button-default button-1\" target=\"_self\" href=\"https:\/\/www.paikkatietokonsultit.fi\/sv\/yhteystiedot\/\"><span class=\"fusion-button-text\">Ta kontakt f\u00f6r <br>mer information!<\/span><\/a><\/div>\n\n\n<p> <\/p>","protected":false},"excerpt":{"rendered":"<p>Paikkatietokonsultit laatii web-pohjaisia opaskarttoja. Pitk\u00e4lle automatisoidun prosessin ansiosta opaskartat syntyv\u00e4t nopeasti ja edullisesti. Kuvaustekniikka on [&hellip;]<\/p>","protected":false},"author":2,"featured_media":0,"parent":0,"menu_order":5,"comment_status":"closed","ping_status":"closed","template":"","meta":{"_monsterinsights_skip_tracking":false,"_monsterinsights_sitenote_active":false,"_monsterinsights_sitenote_note":"","_monsterinsights_sitenote_category":0,"footnotes":""},"class_list":["post-5520","page","type-page","status-publish","hentry"],"yoast_head":"<!-- This site is optimized with the Yoast SEO Premium plugin v23.0 (Yoast SEO v23.0) - https:\/\/yoast.com\/wordpress\/plugins\/seo\/ -->\n<title>Web-opaskartat ja -ulkoilukartat - Paikkatietokonsultit<\/title>\n<meta name=\"description\" content=\"Paikkatietokonsultit laatii web-pohjaisia opaskarttoja. Opaskartta muuntuu helposti niin, ett\u00e4 siit\u00e4 tulee kunnalle r\u00e4\u00e4t\u00e4l\u00f6ity ulkoilukartta tai matkailukartta.\" \/>\n<meta name=\"robots\" content=\"index, follow, max-snippet:-1, max-image-preview:large, max-video-preview:-1\" \/>\n<link rel=\"canonical\" href=\"https:\/\/www.paikkatietokonsultit.fi\/sv\/opaskartta\/\" \/>\n<meta property=\"og:locale\" content=\"sv_SE\" \/>\n<meta property=\"og:type\" content=\"article\" \/>\n<meta property=\"og:title\" content=\"Web-opaskartat ja -ulkoilukartat\" \/>\n<meta property=\"og:description\" content=\"Paikkatietokonsultit laatii web-pohjaisia opaskarttoja. Opaskartta muuntuu helposti niin, ett\u00e4 siit\u00e4 tulee kunnalle r\u00e4\u00e4t\u00e4l\u00f6ity ulkoilukartta tai matkailukartta.\" \/>\n<meta property=\"og:url\" content=\"https:\/\/www.paikkatietokonsultit.fi\/sv\/opaskartta\/\" \/>\n<meta property=\"og:site_name\" content=\"Paikkatietokonsultit\" \/>\n<meta property=\"article:modified_time\" content=\"2021-09-14T10:09:54+00:00\" \/>\n<meta property=\"og:image\" content=\"http:\/\/www.paikkatietokonsultit.fi\/wp-content\/uploads\/2020\/08\/opaskartta2-1-1024x656.png\" \/>\n<meta name=\"twitter:card\" content=\"summary_large_image\" \/>\n<meta name=\"twitter:label1\" content=\"Ber\u00e4knad l\u00e4stid\" \/>\n\t<meta name=\"twitter:data1\" content=\"1 minut\" \/>\n<script type=\"application\/ld+json\" class=\"yoast-schema-graph\">{\"@context\":\"https:\/\/schema.org\",\"@graph\":[{\"@type\":\"WebPage\",\"@id\":\"https:\/\/www.paikkatietokonsultit.fi\/opaskartta\/\",\"url\":\"https:\/\/www.paikkatietokonsultit.fi\/opaskartta\/\",\"name\":\"Web-opaskartat ja -ulkoilukartat - Paikkatietokonsultit\",\"isPartOf\":{\"@id\":\"https:\/\/www.paikkatietokonsultit.fi\/#website\"},\"primaryImageOfPage\":{\"@id\":\"https:\/\/www.paikkatietokonsultit.fi\/opaskartta\/#primaryimage\"},\"image\":{\"@id\":\"https:\/\/www.paikkatietokonsultit.fi\/opaskartta\/#primaryimage\"},\"thumbnailUrl\":\"http:\/\/www.paikkatietokonsultit.fi\/wp-content\/uploads\/2020\/08\/opaskartta2-1-1024x656.png\",\"datePublished\":\"2020-08-20T12:13:37+00:00\",\"dateModified\":\"2021-09-14T10:09:54+00:00\",\"description\":\"Paikkatietokonsultit laatii web-pohjaisia opaskarttoja. Opaskartta muuntuu helposti niin, ett\u00e4 siit\u00e4 tulee kunnalle r\u00e4\u00e4t\u00e4l\u00f6ity ulkoilukartta tai matkailukartta.\",\"breadcrumb\":{\"@id\":\"https:\/\/www.paikkatietokonsultit.fi\/opaskartta\/#breadcrumb\"},\"inLanguage\":\"sv-SE\",\"potentialAction\":[{\"@type\":\"ReadAction\",\"target\":[\"https:\/\/www.paikkatietokonsultit.fi\/opaskartta\/\"]}]},{\"@type\":\"ImageObject\",\"inLanguage\":\"sv-SE\",\"@id\":\"https:\/\/www.paikkatietokonsultit.fi\/opaskartta\/#primaryimage\",\"url\":\"http:\/\/www.paikkatietokonsultit.fi\/wp-content\/uploads\/2020\/08\/opaskartta2-1-1024x656.png\",\"contentUrl\":\"http:\/\/www.paikkatietokonsultit.fi\/wp-content\/uploads\/2020\/08\/opaskartta2-1-1024x656.png\"},{\"@type\":\"BreadcrumbList\",\"@id\":\"https:\/\/www.paikkatietokonsultit.fi\/opaskartta\/#breadcrumb\",\"itemListElement\":[{\"@type\":\"ListItem\",\"position\":1,\"name\":\"Home\",\"item\":\"https:\/\/www.paikkatietokonsultit.fi\/\"},{\"@type\":\"ListItem\",\"position\":2,\"name\":\"Web-opaskartat ja -ulkoilukartat\"}]},{\"@type\":\"WebSite\",\"@id\":\"https:\/\/www.paikkatietokonsultit.fi\/#website\",\"url\":\"https:\/\/www.paikkatietokonsultit.fi\/\",\"name\":\"Paikkatietokonsultit\",\"description\":\"\",\"publisher\":{\"@id\":\"https:\/\/www.paikkatietokonsultit.fi\/#organization\"},\"potentialAction\":[{\"@type\":\"SearchAction\",\"target\":{\"@type\":\"EntryPoint\",\"urlTemplate\":\"https:\/\/www.paikkatietokonsultit.fi\/?s={search_term_string}\"},\"query-input\":\"required name=search_term_string\"}],\"inLanguage\":\"sv-SE\"},{\"@type\":\"Organization\",\"@id\":\"https:\/\/www.paikkatietokonsultit.fi\/#organization\",\"name\":\"Paikkatietokonsultit Oy\",\"url\":\"https:\/\/www.paikkatietokonsultit.fi\/\",\"logo\":{\"@type\":\"ImageObject\",\"inLanguage\":\"sv-SE\",\"@id\":\"https:\/\/www.paikkatietokonsultit.fi\/#\/schema\/logo\/image\/\",\"url\":\"https:\/\/www.paikkatietokonsultit.fi\/wp-content\/uploads\/2022\/03\/Logo_Paikkatietokonsultit.png\",\"contentUrl\":\"https:\/\/www.paikkatietokonsultit.fi\/wp-content\/uploads\/2022\/03\/Logo_Paikkatietokonsultit.png\",\"width\":783,\"height\":395,\"caption\":\"Paikkatietokonsultit Oy\"},\"image\":{\"@id\":\"https:\/\/www.paikkatietokonsultit.fi\/#\/schema\/logo\/image\/\"}}]}<\/script>\n<!-- \/ Yoast SEO Premium plugin. -->","yoast_head_json":{"title":"Web-opaskartat ja -ulkoilukartat - Paikkatietokonsultit","description":"Paikkatietokonsultit laatii web-pohjaisia opaskarttoja. Opaskartta muuntuu helposti niin, ett\u00e4 siit\u00e4 tulee kunnalle r\u00e4\u00e4t\u00e4l\u00f6ity ulkoilukartta tai matkailukartta.","robots":{"index":"index","follow":"follow","max-snippet":"max-snippet:-1","max-image-preview":"max-image-preview:large","max-video-preview":"max-video-preview:-1"},"canonical":"https:\/\/www.paikkatietokonsultit.fi\/sv\/opaskartta\/","og_locale":"sv_SE","og_type":"article","og_title":"Web-opaskartat ja -ulkoilukartat","og_description":"Paikkatietokonsultit laatii web-pohjaisia opaskarttoja. Opaskartta muuntuu helposti niin, ett\u00e4 siit\u00e4 tulee kunnalle r\u00e4\u00e4t\u00e4l\u00f6ity ulkoilukartta tai matkailukartta.","og_url":"https:\/\/www.paikkatietokonsultit.fi\/sv\/opaskartta\/","og_site_name":"Paikkatietokonsultit","article_modified_time":"2021-09-14T10:09:54+00:00","og_image":[{"url":"http:\/\/www.paikkatietokonsultit.fi\/wp-content\/uploads\/2020\/08\/opaskartta2-1-1024x656.png"}],"twitter_card":"summary_large_image","twitter_misc":{"Ber\u00e4knad l\u00e4stid":"1 minut"},"schema":{"@context":"https:\/\/schema.org","@graph":[{"@type":"WebPage","@id":"https:\/\/www.paikkatietokonsultit.fi\/opaskartta\/","url":"https:\/\/www.paikkatietokonsultit.fi\/opaskartta\/","name":"Web-opaskartat ja -ulkoilukartat - Paikkatietokonsultit","isPartOf":{"@id":"https:\/\/www.paikkatietokonsultit.fi\/#website"},"primaryImageOfPage":{"@id":"https:\/\/www.paikkatietokonsultit.fi\/opaskartta\/#primaryimage"},"image":{"@id":"https:\/\/www.paikkatietokonsultit.fi\/opaskartta\/#primaryimage"},"thumbnailUrl":"http:\/\/www.paikkatietokonsultit.fi\/wp-content\/uploads\/2020\/08\/opaskartta2-1-1024x656.png","datePublished":"2020-08-20T12:13:37+00:00","dateModified":"2021-09-14T10:09:54+00:00","description":"Paikkatietokonsultit laatii web-pohjaisia opaskarttoja. Opaskartta muuntuu helposti niin, ett\u00e4 siit\u00e4 tulee kunnalle r\u00e4\u00e4t\u00e4l\u00f6ity ulkoilukartta tai matkailukartta.","breadcrumb":{"@id":"https:\/\/www.paikkatietokonsultit.fi\/opaskartta\/#breadcrumb"},"inLanguage":"sv-SE","potentialAction":[{"@type":"ReadAction","target":["https:\/\/www.paikkatietokonsultit.fi\/opaskartta\/"]}]},{"@type":"ImageObject","inLanguage":"sv-SE","@id":"https:\/\/www.paikkatietokonsultit.fi\/opaskartta\/#primaryimage","url":"http:\/\/www.paikkatietokonsultit.fi\/wp-content\/uploads\/2020\/08\/opaskartta2-1-1024x656.png","contentUrl":"http:\/\/www.paikkatietokonsultit.fi\/wp-content\/uploads\/2020\/08\/opaskartta2-1-1024x656.png"},{"@type":"BreadcrumbList","@id":"https:\/\/www.paikkatietokonsultit.fi\/opaskartta\/#breadcrumb","itemListElement":[{"@type":"ListItem","position":1,"name":"Home","item":"https:\/\/www.paikkatietokonsultit.fi\/"},{"@type":"ListItem","position":2,"name":"Web-opaskartat ja -ulkoilukartat"}]},{"@type":"WebSite","@id":"https:\/\/www.paikkatietokonsultit.fi\/#website","url":"https:\/\/www.paikkatietokonsultit.fi\/","name":"Paikkatietokonsultit","description":"","publisher":{"@id":"https:\/\/www.paikkatietokonsultit.fi\/#organization"},"potentialAction":[{"@type":"SearchAction","target":{"@type":"EntryPoint","urlTemplate":"https:\/\/www.paikkatietokonsultit.fi\/?s={search_term_string}"},"query-input":"required name=search_term_string"}],"inLanguage":"sv-SE"},{"@type":"Organization","@id":"https:\/\/www.paikkatietokonsultit.fi\/#organization","name":"Paikkatietokonsultit Oy","url":"https:\/\/www.paikkatietokonsultit.fi\/","logo":{"@type":"ImageObject","inLanguage":"sv-SE","@id":"https:\/\/www.paikkatietokonsultit.fi\/#\/schema\/logo\/image\/","url":"https:\/\/www.paikkatietokonsultit.fi\/wp-content\/uploads\/2022\/03\/Logo_Paikkatietokonsultit.png","contentUrl":"https:\/\/www.paikkatietokonsultit.fi\/wp-content\/uploads\/2022\/03\/Logo_Paikkatietokonsultit.png","width":783,"height":395,"caption":"Paikkatietokonsultit Oy"},"image":{"@id":"https:\/\/www.paikkatietokonsultit.fi\/#\/schema\/logo\/image\/"}}]}},"_links":{"self":[{"href":"https:\/\/www.paikkatietokonsultit.fi\/sv\/wp-json\/wp\/v2\/pages\/5520","targetHints":{"allow":["GET"]}}],"collection":[{"href":"https:\/\/www.paikkatietokonsultit.fi\/sv\/wp-json\/wp\/v2\/pages"}],"about":[{"href":"https:\/\/www.paikkatietokonsultit.fi\/sv\/wp-json\/wp\/v2\/types\/page"}],"author":[{"embeddable":true,"href":"https:\/\/www.paikkatietokonsultit.fi\/sv\/wp-json\/wp\/v2\/users\/2"}],"replies":[{"embeddable":true,"href":"https:\/\/www.paikkatietokonsultit.fi\/sv\/wp-json\/wp\/v2\/comments?post=5520"}],"version-history":[{"count":28,"href":"https:\/\/www.paikkatietokonsultit.fi\/sv\/wp-json\/wp\/v2\/pages\/5520\/revisions"}],"predecessor-version":[{"id":6195,"href":"https:\/\/www.paikkatietokonsultit.fi\/sv\/wp-json\/wp\/v2\/pages\/5520\/revisions\/6195"}],"wp:attachment":[{"href":"https:\/\/www.paikkatietokonsultit.fi\/sv\/wp-json\/wp\/v2\/media?parent=5520"}],"curies":[{"name":"wp","href":"https:\/\/api.w.org\/{rel}","templated":true}]}}