{"id":5909,"date":"2020-10-01T13:05:12","date_gmt":"2020-10-01T13:05:12","guid":{"rendered":"http:\/\/www.paikkatietokonsultit.fi\/?page_id=5909"},"modified":"2022-03-29T07:29:12","modified_gmt":"2022-03-29T07:29:12","slug":"5909-2","status":"publish","type":"page","link":"https:\/\/www.paikkatietokonsultit.fi\/sv\/5909-2\/","title":{"rendered":"L\u00e4geskarta"},"content":{"rendered":"<p><\/p>\n\n\n\nL\u00e4geskarta i storlek 800*600<figure><iframe loading=\"lazy\" width=\"800\" height=\"600\" src=\"https:\/\/paikkatietokonsultit.com\/finterest-cli\/#\/v1\/fi\/opaskartta_v2?center=60.16496,24.730654&amp;radious=3&amp;zoom=11\"><\/iframe><\/figure><br><br>\n\n\n\n<p>Sijaintikartta muodostetaan toimipisteen ymp\u00e4rille, esimerkin kartta osoittaa sijainnin osoitteessa Pihat\u00f6rm\u00e4 1, Espoo. <\/p>\n\n\n\n<p>Kartan \u00e4r interaktiv. Inneh\u00e5llet \u00e4ndras efter skalan, n\u00e4r man zoomar in eller ut fr\u00e5n mittpunkten. Kartan finns tillg\u00e4nglig p\u00e5 b\u00e5de svenska och finska. <\/p>\n\n\n\n<p>Kartan sis\u00e4ll\u00f6st\u00e4 on erilaisia versioita. Sijaintikartalla voidaan my\u00f6s esitt\u00e4\u00e4 palvelut toimipaikan (tai vaikka myyt\u00e4v\u00e4n asunnon) l\u00e4heisyydess\u00e4. <\/p>\n\n\n\nL\u00e4geskarta i storlek 800*600<figure><iframe loading=\"lazy\" width=\"800\" height=\"600\" src=\"https:\/\/paikkatietokonsultit.com\/finterest-cli\/#\/v4\/fi\/opaskartta_v2?center=60.16496,24.730654&amp;radious=3&amp;zoom=11\"><\/iframe><\/figure><br><br>\n\n\n\n<p><\/p>","protected":false},"excerpt":{"rendered":"<p>Sijaintikartta koossa 800*600 Sijaintikartta muodostetaan toimipisteen ymp\u00e4rille, esimerkin kartta osoittaa sijainnin osoitteessa Pihat\u00f6rm\u00e4 1, Espoo. [&hellip;]<\/p>","protected":false},"author":2,"featured_media":0,"parent":0,"menu_order":0,"comment_status":"closed","ping_status":"closed","template":"","meta":{"_monsterinsights_skip_tracking":false,"_monsterinsights_sitenote_active":false,"_monsterinsights_sitenote_note":"","_monsterinsights_sitenote_category":0,"footnotes":""},"class_list":["post-5909","page","type-page","status-publish","hentry"],"yoast_head":"<!-- This site is optimized with the Yoast SEO Premium plugin v23.0 (Yoast SEO v23.0) - https:\/\/yoast.com\/wordpress\/plugins\/seo\/ -->\n<title>Sijaintikartta - Paikkatietokonsultit<\/title>\n<meta name=\"robots\" content=\"index, follow, max-snippet:-1, max-image-preview:large, max-video-preview:-1\" \/>\n<link rel=\"canonical\" href=\"https:\/\/www.paikkatietokonsultit.fi\/sv\/5909-2\/\" \/>\n<meta property=\"og:locale\" content=\"sv_SE\" \/>\n<meta property=\"og:type\" content=\"article\" \/>\n<meta property=\"og:title\" content=\"Sijaintikartta\" \/>\n<meta property=\"og:description\" content=\"Sijaintikartta koossa 800*600 Sijaintikartta muodostetaan toimipisteen ymp\u00e4rille, esimerkin kartta osoittaa sijainnin osoitteessa Pihat\u00f6rm\u00e4 1, Espoo. [&hellip;]\" \/>\n<meta property=\"og:url\" content=\"https:\/\/www.paikkatietokonsultit.fi\/sv\/5909-2\/\" \/>\n<meta property=\"og:site_name\" content=\"Paikkatietokonsultit\" \/>\n<meta property=\"article:modified_time\" content=\"2022-03-29T07:29:12+00:00\" \/>\n<meta property=\"og:image\" content=\"https:\/\/www.paikkatietokonsultit.fi\/wp-content\/uploads\/2016\/08\/logo1.jpg\" \/>\n\t<meta property=\"og:image:width\" content=\"200\" \/>\n\t<meta property=\"og:image:height\" content=\"105\" \/>\n\t<meta property=\"og:image:type\" content=\"image\/jpeg\" \/>\n<meta name=\"twitter:card\" content=\"summary_large_image\" \/>\n<meta name=\"twitter:label1\" content=\"Ber\u00e4knad l\u00e4stid\" \/>\n\t<meta name=\"twitter:data1\" content=\"1 minut\" \/>\n<script type=\"application\/ld+json\" class=\"yoast-schema-graph\">{\"@context\":\"https:\/\/schema.org\",\"@graph\":[{\"@type\":\"WebPage\",\"@id\":\"https:\/\/www.paikkatietokonsultit.fi\/5909-2\/\",\"url\":\"https:\/\/www.paikkatietokonsultit.fi\/5909-2\/\",\"name\":\"Sijaintikartta - Paikkatietokonsultit\",\"isPartOf\":{\"@id\":\"https:\/\/www.paikkatietokonsultit.fi\/#website\"},\"datePublished\":\"2020-10-01T13:05:12+00:00\",\"dateModified\":\"2022-03-29T07:29:12+00:00\",\"breadcrumb\":{\"@id\":\"https:\/\/www.paikkatietokonsultit.fi\/5909-2\/#breadcrumb\"},\"inLanguage\":\"sv-SE\",\"potentialAction\":[{\"@type\":\"ReadAction\",\"target\":[\"https:\/\/www.paikkatietokonsultit.fi\/5909-2\/\"]}]},{\"@type\":\"BreadcrumbList\",\"@id\":\"https:\/\/www.paikkatietokonsultit.fi\/5909-2\/#breadcrumb\",\"itemListElement\":[{\"@type\":\"ListItem\",\"position\":1,\"name\":\"Home\",\"item\":\"https:\/\/www.paikkatietokonsultit.fi\/\"},{\"@type\":\"ListItem\",\"position\":2,\"name\":\"Sijaintikartta\"}]},{\"@type\":\"WebSite\",\"@id\":\"https:\/\/www.paikkatietokonsultit.fi\/#website\",\"url\":\"https:\/\/www.paikkatietokonsultit.fi\/\",\"name\":\"Paikkatietokonsultit\",\"description\":\"\",\"publisher\":{\"@id\":\"https:\/\/www.paikkatietokonsultit.fi\/#organization\"},\"potentialAction\":[{\"@type\":\"SearchAction\",\"target\":{\"@type\":\"EntryPoint\",\"urlTemplate\":\"https:\/\/www.paikkatietokonsultit.fi\/?s={search_term_string}\"},\"query-input\":\"required name=search_term_string\"}],\"inLanguage\":\"sv-SE\"},{\"@type\":\"Organization\",\"@id\":\"https:\/\/www.paikkatietokonsultit.fi\/#organization\",\"name\":\"Paikkatietokonsultit Oy\",\"url\":\"https:\/\/www.paikkatietokonsultit.fi\/\",\"logo\":{\"@type\":\"ImageObject\",\"inLanguage\":\"sv-SE\",\"@id\":\"https:\/\/www.paikkatietokonsultit.fi\/#\/schema\/logo\/image\/\",\"url\":\"https:\/\/www.paikkatietokonsultit.fi\/wp-content\/uploads\/2022\/03\/Logo_Paikkatietokonsultit.png\",\"contentUrl\":\"https:\/\/www.paikkatietokonsultit.fi\/wp-content\/uploads\/2022\/03\/Logo_Paikkatietokonsultit.png\",\"width\":783,\"height\":395,\"caption\":\"Paikkatietokonsultit Oy\"},\"image\":{\"@id\":\"https:\/\/www.paikkatietokonsultit.fi\/#\/schema\/logo\/image\/\"}}]}<\/script>\n<!-- \/ Yoast SEO Premium plugin. -->","yoast_head_json":{"title":"Sijaintikartta - Paikkatietokonsultit","robots":{"index":"index","follow":"follow","max-snippet":"max-snippet:-1","max-image-preview":"max-image-preview:large","max-video-preview":"max-video-preview:-1"},"canonical":"https:\/\/www.paikkatietokonsultit.fi\/sv\/5909-2\/","og_locale":"sv_SE","og_type":"article","og_title":"Sijaintikartta","og_description":"Sijaintikartta koossa 800*600 Sijaintikartta muodostetaan toimipisteen ymp\u00e4rille, esimerkin kartta osoittaa sijainnin osoitteessa Pihat\u00f6rm\u00e4 1, Espoo. [&hellip;]","og_url":"https:\/\/www.paikkatietokonsultit.fi\/sv\/5909-2\/","og_site_name":"Paikkatietokonsultit","article_modified_time":"2022-03-29T07:29:12+00:00","og_image":[{"width":200,"height":105,"url":"https:\/\/www.paikkatietokonsultit.fi\/wp-content\/uploads\/2016\/08\/logo1.jpg","type":"image\/jpeg"}],"twitter_card":"summary_large_image","twitter_misc":{"Ber\u00e4knad l\u00e4stid":"1 minut"},"schema":{"@context":"https:\/\/schema.org","@graph":[{"@type":"WebPage","@id":"https:\/\/www.paikkatietokonsultit.fi\/5909-2\/","url":"https:\/\/www.paikkatietokonsultit.fi\/5909-2\/","name":"Sijaintikartta - Paikkatietokonsultit","isPartOf":{"@id":"https:\/\/www.paikkatietokonsultit.fi\/#website"},"datePublished":"2020-10-01T13:05:12+00:00","dateModified":"2022-03-29T07:29:12+00:00","breadcrumb":{"@id":"https:\/\/www.paikkatietokonsultit.fi\/5909-2\/#breadcrumb"},"inLanguage":"sv-SE","potentialAction":[{"@type":"ReadAction","target":["https:\/\/www.paikkatietokonsultit.fi\/5909-2\/"]}]},{"@type":"BreadcrumbList","@id":"https:\/\/www.paikkatietokonsultit.fi\/5909-2\/#breadcrumb","itemListElement":[{"@type":"ListItem","position":1,"name":"Home","item":"https:\/\/www.paikkatietokonsultit.fi\/"},{"@type":"ListItem","position":2,"name":"Sijaintikartta"}]},{"@type":"WebSite","@id":"https:\/\/www.paikkatietokonsultit.fi\/#website","url":"https:\/\/www.paikkatietokonsultit.fi\/","name":"Paikkatietokonsultit","description":"","publisher":{"@id":"https:\/\/www.paikkatietokonsultit.fi\/#organization"},"potentialAction":[{"@type":"SearchAction","target":{"@type":"EntryPoint","urlTemplate":"https:\/\/www.paikkatietokonsultit.fi\/?s={search_term_string}"},"query-input":"required name=search_term_string"}],"inLanguage":"sv-SE"},{"@type":"Organization","@id":"https:\/\/www.paikkatietokonsultit.fi\/#organization","name":"Paikkatietokonsultit Oy","url":"https:\/\/www.paikkatietokonsultit.fi\/","logo":{"@type":"ImageObject","inLanguage":"sv-SE","@id":"https:\/\/www.paikkatietokonsultit.fi\/#\/schema\/logo\/image\/","url":"https:\/\/www.paikkatietokonsultit.fi\/wp-content\/uploads\/2022\/03\/Logo_Paikkatietokonsultit.png","contentUrl":"https:\/\/www.paikkatietokonsultit.fi\/wp-content\/uploads\/2022\/03\/Logo_Paikkatietokonsultit.png","width":783,"height":395,"caption":"Paikkatietokonsultit Oy"},"image":{"@id":"https:\/\/www.paikkatietokonsultit.fi\/#\/schema\/logo\/image\/"}}]}},"_links":{"self":[{"href":"https:\/\/www.paikkatietokonsultit.fi\/sv\/wp-json\/wp\/v2\/pages\/5909","targetHints":{"allow":["GET"]}}],"collection":[{"href":"https:\/\/www.paikkatietokonsultit.fi\/sv\/wp-json\/wp\/v2\/pages"}],"about":[{"href":"https:\/\/www.paikkatietokonsultit.fi\/sv\/wp-json\/wp\/v2\/types\/page"}],"author":[{"embeddable":true,"href":"https:\/\/www.paikkatietokonsultit.fi\/sv\/wp-json\/wp\/v2\/users\/2"}],"replies":[{"embeddable":true,"href":"https:\/\/www.paikkatietokonsultit.fi\/sv\/wp-json\/wp\/v2\/comments?post=5909"}],"version-history":[{"count":15,"href":"https:\/\/www.paikkatietokonsultit.fi\/sv\/wp-json\/wp\/v2\/pages\/5909\/revisions"}],"predecessor-version":[{"id":6537,"href":"https:\/\/www.paikkatietokonsultit.fi\/sv\/wp-json\/wp\/v2\/pages\/5909\/revisions\/6537"}],"wp:attachment":[{"href":"https:\/\/www.paikkatietokonsultit.fi\/sv\/wp-json\/wp\/v2\/media?parent=5909"}],"curies":[{"name":"wp","href":"https:\/\/api.w.org\/{rel}","templated":true}]}}