{"id":6022,"date":"2020-10-11T15:11:38","date_gmt":"2020-10-11T15:11:38","guid":{"rendered":"http:\/\/www.paikkatietokonsultit.fi\/?page_id=6022"},"modified":"2020-10-12T07:47:30","modified_gmt":"2020-10-12T07:47:30","slug":"finterest","status":"publish","type":"page","link":"https:\/\/www.paikkatietokonsultit.fi\/sv\/finterest\/","title":{"rendered":"Finterest &#8211; tietopalvelu matkailijoille"},"content":{"rendered":"<p><u><a href=\"https:\/\/finterest.fi\">Finterest<\/a><\/u>  on tietopalvelu Suomessa matkaileville, lomaileville, retkeileville tai muuten vaan liikkuville.  Finterestin avulla voi etsi\u00e4 kiinnostavia paikkoja ja tapahtumia koko Suomesta. Finterestin tietosis\u00e4lt\u00f6 on eritt\u00e4in kattava: se sis\u00e4lt\u00e4\u00e4 noin 70 matkailuun liittyv\u00e4\u00e4 teemaa, jotka on ryhmitelty aiheeltaan kulttuuriin, liikuntaan, ulkoiluun, liikuntaan, palveluihin ja tapahtumiin.<\/p>\n\n\n\n<figure class=\"wp-block-image is-resized\"><a href=\"https:\/\/finterest.fi\"><img loading=\"lazy\" decoding=\"async\" src=\"https:\/\/www.paikkatietokonsultit.fi\/wp-content\/uploads\/2020\/08\/finterest_turku.png\" alt=\"\" width=\"531\" height=\"392\"\/><\/a><\/figure>\n\n\n\n<p>Finterestin avulla voi laatia matkasuunnitelman\/lomasuunnitelman poimimalla kiinnostavia kohteita tai tapahtumia suunnitelmaansa. Matka-aikataulun saa laadituksi kiinnitt\u00e4m\u00e4ll\u00e4 kunkin suunnitellun vierailukohteen tiettyyn p\u00e4iv\u00e4\u00e4n. Valmiin suunnitelman voi jakaa kavereille\/matkakumppaneille s\u00e4hk\u00f6postitse tai Facebookissa. Kaveri voi muokata suunnitelmaa ja l\u00e4hett\u00e4\u00e4 takaisin oman versionsa.  <\/p>\n\n\n\n<p>Finterestin tietoja on ker\u00e4tty nelj\u00e4ll\u00e4 kielell\u00e4, aina kun mahdollista. Finterestin k\u00e4ytt\u00f6liittym\u00e4\u00e4 voi napsutella 20 kielell\u00e4. Sovellus on laadittu avoimen l\u00e4hdekoodin ohjelmistoilla.<\/p>\n\n\n\n<p>Finterestin teemojen tieto on osoittain per\u00e4isin useista mainioista avoimen tiedon l\u00e4hteist\u00e4, joko sellaisenaan tai rikastettuna. Osa teemoista on ker\u00e4tty ty\u00f6l\u00e4\u00e4mmin useista l\u00e4hteist\u00e4 ja omalla ty\u00f6ll\u00e4. Useiden teemojen tietoja muokataan ja rikastetaan laatimillamme automatisoiduilla prosesseilla. Tapahtumatietoja luetaan useista tapahtumarajapinnasta. <\/p>","protected":false},"excerpt":{"rendered":"<p>Finterest on tietopalvelu Suomessa matkaileville, lomaileville, retkeileville tai muuten vaan liikkuville. Finterestin avulla voi etsi\u00e4 [&hellip;]<\/p>","protected":false},"author":2,"featured_media":0,"parent":0,"menu_order":0,"comment_status":"closed","ping_status":"closed","template":"","meta":{"_monsterinsights_skip_tracking":false,"_monsterinsights_sitenote_active":false,"_monsterinsights_sitenote_note":"","_monsterinsights_sitenote_category":0,"footnotes":""},"class_list":["post-6022","page","type-page","status-publish","hentry"],"yoast_head":"<!-- This site is optimized with the Yoast SEO Premium plugin v23.0 (Yoast SEO v23.0) - https:\/\/yoast.com\/wordpress\/plugins\/seo\/ -->\n<title>Finterest - tietopalvelu matkailijoille - Paikkatietokonsultit<\/title>\n<meta name=\"robots\" content=\"index, follow, max-snippet:-1, max-image-preview:large, max-video-preview:-1\" \/>\n<link rel=\"canonical\" href=\"https:\/\/www.paikkatietokonsultit.fi\/sv\/finterest\/\" \/>\n<meta property=\"og:locale\" content=\"sv_SE\" \/>\n<meta property=\"og:type\" content=\"article\" \/>\n<meta property=\"og:title\" content=\"Finterest - tietopalvelu matkailijoille\" \/>\n<meta property=\"og:description\" content=\"Finterest on tietopalvelu Suomessa matkaileville, lomaileville, retkeileville tai muuten vaan liikkuville. Finterestin avulla voi etsi\u00e4 [&hellip;]\" \/>\n<meta property=\"og:url\" content=\"https:\/\/www.paikkatietokonsultit.fi\/sv\/finterest\/\" \/>\n<meta property=\"og:site_name\" content=\"Paikkatietokonsultit\" \/>\n<meta property=\"article:modified_time\" content=\"2020-10-12T07:47:30+00:00\" \/>\n<meta property=\"og:image\" content=\"https:\/\/www.paikkatietokonsultit.fi\/wp-content\/uploads\/2020\/08\/finterest_turku.png\" \/>\n<meta name=\"twitter:card\" content=\"summary_large_image\" \/>\n<meta name=\"twitter:label1\" content=\"Ber\u00e4knad l\u00e4stid\" \/>\n\t<meta name=\"twitter:data1\" content=\"1 minut\" \/>\n<script type=\"application\/ld+json\" class=\"yoast-schema-graph\">{\"@context\":\"https:\/\/schema.org\",\"@graph\":[{\"@type\":\"WebPage\",\"@id\":\"https:\/\/www.paikkatietokonsultit.fi\/finterest\/\",\"url\":\"https:\/\/www.paikkatietokonsultit.fi\/finterest\/\",\"name\":\"Finterest - tietopalvelu matkailijoille - Paikkatietokonsultit\",\"isPartOf\":{\"@id\":\"https:\/\/www.paikkatietokonsultit.fi\/#website\"},\"primaryImageOfPage\":{\"@id\":\"https:\/\/www.paikkatietokonsultit.fi\/finterest\/#primaryimage\"},\"image\":{\"@id\":\"https:\/\/www.paikkatietokonsultit.fi\/finterest\/#primaryimage\"},\"thumbnailUrl\":\"https:\/\/www.paikkatietokonsultit.fi\/wp-content\/uploads\/2020\/08\/finterest_turku.png\",\"datePublished\":\"2020-10-11T15:11:38+00:00\",\"dateModified\":\"2020-10-12T07:47:30+00:00\",\"breadcrumb\":{\"@id\":\"https:\/\/www.paikkatietokonsultit.fi\/finterest\/#breadcrumb\"},\"inLanguage\":\"sv-SE\",\"potentialAction\":[{\"@type\":\"ReadAction\",\"target\":[\"https:\/\/www.paikkatietokonsultit.fi\/finterest\/\"]}]},{\"@type\":\"ImageObject\",\"inLanguage\":\"sv-SE\",\"@id\":\"https:\/\/www.paikkatietokonsultit.fi\/finterest\/#primaryimage\",\"url\":\"https:\/\/www.paikkatietokonsultit.fi\/wp-content\/uploads\/2020\/08\/finterest_turku.png\",\"contentUrl\":\"https:\/\/www.paikkatietokonsultit.fi\/wp-content\/uploads\/2020\/08\/finterest_turku.png\"},{\"@type\":\"BreadcrumbList\",\"@id\":\"https:\/\/www.paikkatietokonsultit.fi\/finterest\/#breadcrumb\",\"itemListElement\":[{\"@type\":\"ListItem\",\"position\":1,\"name\":\"Home\",\"item\":\"https:\/\/www.paikkatietokonsultit.fi\/\"},{\"@type\":\"ListItem\",\"position\":2,\"name\":\"Finterest &#8211; tietopalvelu matkailijoille\"}]},{\"@type\":\"WebSite\",\"@id\":\"https:\/\/www.paikkatietokonsultit.fi\/#website\",\"url\":\"https:\/\/www.paikkatietokonsultit.fi\/\",\"name\":\"Paikkatietokonsultit\",\"description\":\"\",\"publisher\":{\"@id\":\"https:\/\/www.paikkatietokonsultit.fi\/#organization\"},\"potentialAction\":[{\"@type\":\"SearchAction\",\"target\":{\"@type\":\"EntryPoint\",\"urlTemplate\":\"https:\/\/www.paikkatietokonsultit.fi\/?s={search_term_string}\"},\"query-input\":\"required name=search_term_string\"}],\"inLanguage\":\"sv-SE\"},{\"@type\":\"Organization\",\"@id\":\"https:\/\/www.paikkatietokonsultit.fi\/#organization\",\"name\":\"Paikkatietokonsultit Oy\",\"url\":\"https:\/\/www.paikkatietokonsultit.fi\/\",\"logo\":{\"@type\":\"ImageObject\",\"inLanguage\":\"sv-SE\",\"@id\":\"https:\/\/www.paikkatietokonsultit.fi\/#\/schema\/logo\/image\/\",\"url\":\"https:\/\/www.paikkatietokonsultit.fi\/wp-content\/uploads\/2022\/03\/Logo_Paikkatietokonsultit.png\",\"contentUrl\":\"https:\/\/www.paikkatietokonsultit.fi\/wp-content\/uploads\/2022\/03\/Logo_Paikkatietokonsultit.png\",\"width\":783,\"height\":395,\"caption\":\"Paikkatietokonsultit Oy\"},\"image\":{\"@id\":\"https:\/\/www.paikkatietokonsultit.fi\/#\/schema\/logo\/image\/\"}}]}<\/script>\n<!-- \/ Yoast SEO Premium plugin. -->","yoast_head_json":{"title":"Finterest - tietopalvelu matkailijoille - Paikkatietokonsultit","robots":{"index":"index","follow":"follow","max-snippet":"max-snippet:-1","max-image-preview":"max-image-preview:large","max-video-preview":"max-video-preview:-1"},"canonical":"https:\/\/www.paikkatietokonsultit.fi\/sv\/finterest\/","og_locale":"sv_SE","og_type":"article","og_title":"Finterest - tietopalvelu matkailijoille","og_description":"Finterest on tietopalvelu Suomessa matkaileville, lomaileville, retkeileville tai muuten vaan liikkuville. Finterestin avulla voi etsi\u00e4 [&hellip;]","og_url":"https:\/\/www.paikkatietokonsultit.fi\/sv\/finterest\/","og_site_name":"Paikkatietokonsultit","article_modified_time":"2020-10-12T07:47:30+00:00","og_image":[{"url":"https:\/\/www.paikkatietokonsultit.fi\/wp-content\/uploads\/2020\/08\/finterest_turku.png"}],"twitter_card":"summary_large_image","twitter_misc":{"Ber\u00e4knad l\u00e4stid":"1 minut"},"schema":{"@context":"https:\/\/schema.org","@graph":[{"@type":"WebPage","@id":"https:\/\/www.paikkatietokonsultit.fi\/finterest\/","url":"https:\/\/www.paikkatietokonsultit.fi\/finterest\/","name":"Finterest - tietopalvelu matkailijoille - Paikkatietokonsultit","isPartOf":{"@id":"https:\/\/www.paikkatietokonsultit.fi\/#website"},"primaryImageOfPage":{"@id":"https:\/\/www.paikkatietokonsultit.fi\/finterest\/#primaryimage"},"image":{"@id":"https:\/\/www.paikkatietokonsultit.fi\/finterest\/#primaryimage"},"thumbnailUrl":"https:\/\/www.paikkatietokonsultit.fi\/wp-content\/uploads\/2020\/08\/finterest_turku.png","datePublished":"2020-10-11T15:11:38+00:00","dateModified":"2020-10-12T07:47:30+00:00","breadcrumb":{"@id":"https:\/\/www.paikkatietokonsultit.fi\/finterest\/#breadcrumb"},"inLanguage":"sv-SE","potentialAction":[{"@type":"ReadAction","target":["https:\/\/www.paikkatietokonsultit.fi\/finterest\/"]}]},{"@type":"ImageObject","inLanguage":"sv-SE","@id":"https:\/\/www.paikkatietokonsultit.fi\/finterest\/#primaryimage","url":"https:\/\/www.paikkatietokonsultit.fi\/wp-content\/uploads\/2020\/08\/finterest_turku.png","contentUrl":"https:\/\/www.paikkatietokonsultit.fi\/wp-content\/uploads\/2020\/08\/finterest_turku.png"},{"@type":"BreadcrumbList","@id":"https:\/\/www.paikkatietokonsultit.fi\/finterest\/#breadcrumb","itemListElement":[{"@type":"ListItem","position":1,"name":"Home","item":"https:\/\/www.paikkatietokonsultit.fi\/"},{"@type":"ListItem","position":2,"name":"Finterest &#8211; tietopalvelu matkailijoille"}]},{"@type":"WebSite","@id":"https:\/\/www.paikkatietokonsultit.fi\/#website","url":"https:\/\/www.paikkatietokonsultit.fi\/","name":"Paikkatietokonsultit","description":"","publisher":{"@id":"https:\/\/www.paikkatietokonsultit.fi\/#organization"},"potentialAction":[{"@type":"SearchAction","target":{"@type":"EntryPoint","urlTemplate":"https:\/\/www.paikkatietokonsultit.fi\/?s={search_term_string}"},"query-input":"required name=search_term_string"}],"inLanguage":"sv-SE"},{"@type":"Organization","@id":"https:\/\/www.paikkatietokonsultit.fi\/#organization","name":"Paikkatietokonsultit Oy","url":"https:\/\/www.paikkatietokonsultit.fi\/","logo":{"@type":"ImageObject","inLanguage":"sv-SE","@id":"https:\/\/www.paikkatietokonsultit.fi\/#\/schema\/logo\/image\/","url":"https:\/\/www.paikkatietokonsultit.fi\/wp-content\/uploads\/2022\/03\/Logo_Paikkatietokonsultit.png","contentUrl":"https:\/\/www.paikkatietokonsultit.fi\/wp-content\/uploads\/2022\/03\/Logo_Paikkatietokonsultit.png","width":783,"height":395,"caption":"Paikkatietokonsultit Oy"},"image":{"@id":"https:\/\/www.paikkatietokonsultit.fi\/#\/schema\/logo\/image\/"}}]}},"_links":{"self":[{"href":"https:\/\/www.paikkatietokonsultit.fi\/sv\/wp-json\/wp\/v2\/pages\/6022","targetHints":{"allow":["GET"]}}],"collection":[{"href":"https:\/\/www.paikkatietokonsultit.fi\/sv\/wp-json\/wp\/v2\/pages"}],"about":[{"href":"https:\/\/www.paikkatietokonsultit.fi\/sv\/wp-json\/wp\/v2\/types\/page"}],"author":[{"embeddable":true,"href":"https:\/\/www.paikkatietokonsultit.fi\/sv\/wp-json\/wp\/v2\/users\/2"}],"replies":[{"embeddable":true,"href":"https:\/\/www.paikkatietokonsultit.fi\/sv\/wp-json\/wp\/v2\/comments?post=6022"}],"version-history":[{"count":7,"href":"https:\/\/www.paikkatietokonsultit.fi\/sv\/wp-json\/wp\/v2\/pages\/6022\/revisions"}],"predecessor-version":[{"id":6113,"href":"https:\/\/www.paikkatietokonsultit.fi\/sv\/wp-json\/wp\/v2\/pages\/6022\/revisions\/6113"}],"wp:attachment":[{"href":"https:\/\/www.paikkatietokonsultit.fi\/sv\/wp-json\/wp\/v2\/media?parent=6022"}],"curies":[{"name":"wp","href":"https:\/\/api.w.org\/{rel}","templated":true}]}}