{"id":6604,"date":"2024-11-01T15:53:54","date_gmt":"2024-11-01T15:53:54","guid":{"rendered":"https:\/\/www.paikkatietokonsultit.fi\/?page_id=6604"},"modified":"2024-11-01T15:56:29","modified_gmt":"2024-11-01T15:56:29","slug":"virtuaaliset-reitit","status":"publish","type":"page","link":"https:\/\/www.paikkatietokonsultit.fi\/sv\/virtuaaliset-reitit\/","title":{"rendered":"Opastetut ja pelilliset reitit"},"content":{"rendered":"<p>Laadimme video-opastettuja reittej\u00e4 kuntalaisten, retkeilij\u00f6iden ja matkailijoiden k\u00e4ytt\u00f6\u00f6n. Reittej\u00e4 navigoidaan mobiililaitteen avulla. Kartalla n\u00e4kyv\u00e4 GPS-seuranta tekee reitin seuraamisesta helppoa. Reitin varrella olevan kohteen kohdalla k\u00e4ytt\u00e4j\u00e4 voi avata video-opastuksen ja kuulla tietoa ja kiinnostavia tarinoita kohteesta. Opastuksen voimme toteuttaa useilla kielill\u00e4.<\/p>\n\n\n\n<p>Reitit on toteutettu pilvipalveluna, joten niiden k\u00e4ytt\u00e4minen ei edellyt\u00e4 sovelluksen asennusta laitteeseen. <\/p>\n\n\n\n<p>Useisiin reitteihin lis\u00e4\u00e4mme pelillisi\u00e4 piirteit\u00e4. Opastuksen lis\u00e4ksi tai sen sijaan reitin kohteisiin voi liitty\u00e4 esim. monivalintateht\u00e4vi\u00e4, tunnistusteht\u00e4vi\u00e4, mielipidekyselyj\u00e4 tai tarinoiden ker\u00e4\u00e4mist\u00e4. <\/p>\n\n\n\n<p>Esimerkkej\u00e4:<\/p>\n\n\n\n<p><a href=\"https:\/\/vnroutes.guru\/hameenlinna_taidekavely\">H\u00e4meenlinnan Taidek\u00e4vely<\/a><br><a href=\"https:\/\/vnroutes.guru\/jokela_teollhistoria\">Jokelan teollisuushistoria<\/a><\/p>\n\n\n\n<p><\/p>","protected":false},"excerpt":{"rendered":"<p>Laadimme video-opastettuja reittej\u00e4 kuntalaisten, retkeilij\u00f6iden ja matkailijoiden k\u00e4ytt\u00f6\u00f6n. Reittej\u00e4 navigoidaan mobiililaitteen avulla. Kartalla n\u00e4kyv\u00e4 GPS-seuranta [&hellip;]<\/p>","protected":false},"author":2,"featured_media":0,"parent":0,"menu_order":0,"comment_status":"closed","ping_status":"closed","template":"","meta":{"_monsterinsights_skip_tracking":false,"_monsterinsights_sitenote_active":false,"_monsterinsights_sitenote_note":"","_monsterinsights_sitenote_category":0,"footnotes":""},"class_list":["post-6604","page","type-page","status-publish","hentry"],"yoast_head":"<!-- This site is optimized with the Yoast SEO Premium plugin v23.0 (Yoast SEO v23.0) - https:\/\/yoast.com\/wordpress\/plugins\/seo\/ -->\n<title>Mobiililaitteella seurattavat reitit: Video-opastetut k\u00e4velyt ja retket - Paikkatietokonsultit<\/title>\n<meta name=\"description\" content=\"Laadimme video-opastettuja reittej\u00e4, joita seurataan mobiililaitteella. Usein reitteihin sis\u00e4ltyy my\u00f6s pelillisi\u00e4 piirteit\u00e4.\" \/>\n<meta name=\"robots\" content=\"index, follow, max-snippet:-1, max-image-preview:large, max-video-preview:-1\" \/>\n<link rel=\"canonical\" href=\"https:\/\/www.paikkatietokonsultit.fi\/sv\/virtuaaliset-reitit\/\" \/>\n<meta property=\"og:locale\" content=\"sv_SE\" \/>\n<meta property=\"og:type\" content=\"article\" \/>\n<meta property=\"og:title\" content=\"Opastetut ja pelilliset reitit\" \/>\n<meta property=\"og:description\" content=\"Laadimme video-opastettuja reittej\u00e4, joita seurataan mobiililaitteella. Usein reitteihin sis\u00e4ltyy my\u00f6s pelillisi\u00e4 piirteit\u00e4.\" \/>\n<meta property=\"og:url\" content=\"https:\/\/www.paikkatietokonsultit.fi\/sv\/virtuaaliset-reitit\/\" \/>\n<meta property=\"og:site_name\" content=\"Paikkatietokonsultit\" \/>\n<meta property=\"article:modified_time\" content=\"2024-11-01T15:56:29+00:00\" \/>\n<meta property=\"og:image\" content=\"https:\/\/www.paikkatietokonsultit.fi\/wp-content\/uploads\/2016\/08\/logo1.jpg\" \/>\n\t<meta property=\"og:image:width\" content=\"200\" \/>\n\t<meta property=\"og:image:height\" content=\"105\" \/>\n\t<meta property=\"og:image:type\" content=\"image\/jpeg\" \/>\n<meta name=\"twitter:card\" content=\"summary_large_image\" \/>\n<meta name=\"twitter:label1\" content=\"Ber\u00e4knad l\u00e4stid\" \/>\n\t<meta name=\"twitter:data1\" content=\"1 minut\" \/>\n<script type=\"application\/ld+json\" class=\"yoast-schema-graph\">{\"@context\":\"https:\/\/schema.org\",\"@graph\":[{\"@type\":\"WebPage\",\"@id\":\"https:\/\/www.paikkatietokonsultit.fi\/virtuaaliset-reitit\/\",\"url\":\"https:\/\/www.paikkatietokonsultit.fi\/virtuaaliset-reitit\/\",\"name\":\"Mobiililaitteella seurattavat reitit: Video-opastetut k\u00e4velyt ja retket - Paikkatietokonsultit\",\"isPartOf\":{\"@id\":\"https:\/\/www.paikkatietokonsultit.fi\/#website\"},\"datePublished\":\"2024-11-01T15:53:54+00:00\",\"dateModified\":\"2024-11-01T15:56:29+00:00\",\"description\":\"Laadimme video-opastettuja reittej\u00e4, joita seurataan mobiililaitteella. Usein reitteihin sis\u00e4ltyy my\u00f6s pelillisi\u00e4 piirteit\u00e4.\",\"breadcrumb\":{\"@id\":\"https:\/\/www.paikkatietokonsultit.fi\/virtuaaliset-reitit\/#breadcrumb\"},\"inLanguage\":\"sv-SE\",\"potentialAction\":[{\"@type\":\"ReadAction\",\"target\":[\"https:\/\/www.paikkatietokonsultit.fi\/virtuaaliset-reitit\/\"]}]},{\"@type\":\"BreadcrumbList\",\"@id\":\"https:\/\/www.paikkatietokonsultit.fi\/virtuaaliset-reitit\/#breadcrumb\",\"itemListElement\":[{\"@type\":\"ListItem\",\"position\":1,\"name\":\"Home\",\"item\":\"https:\/\/www.paikkatietokonsultit.fi\/\"},{\"@type\":\"ListItem\",\"position\":2,\"name\":\"Opastetut ja pelilliset reitit\"}]},{\"@type\":\"WebSite\",\"@id\":\"https:\/\/www.paikkatietokonsultit.fi\/#website\",\"url\":\"https:\/\/www.paikkatietokonsultit.fi\/\",\"name\":\"Paikkatietokonsultit\",\"description\":\"\",\"publisher\":{\"@id\":\"https:\/\/www.paikkatietokonsultit.fi\/#organization\"},\"potentialAction\":[{\"@type\":\"SearchAction\",\"target\":{\"@type\":\"EntryPoint\",\"urlTemplate\":\"https:\/\/www.paikkatietokonsultit.fi\/?s={search_term_string}\"},\"query-input\":\"required name=search_term_string\"}],\"inLanguage\":\"sv-SE\"},{\"@type\":\"Organization\",\"@id\":\"https:\/\/www.paikkatietokonsultit.fi\/#organization\",\"name\":\"Paikkatietokonsultit Oy\",\"url\":\"https:\/\/www.paikkatietokonsultit.fi\/\",\"logo\":{\"@type\":\"ImageObject\",\"inLanguage\":\"sv-SE\",\"@id\":\"https:\/\/www.paikkatietokonsultit.fi\/#\/schema\/logo\/image\/\",\"url\":\"https:\/\/www.paikkatietokonsultit.fi\/wp-content\/uploads\/2022\/03\/Logo_Paikkatietokonsultit.png\",\"contentUrl\":\"https:\/\/www.paikkatietokonsultit.fi\/wp-content\/uploads\/2022\/03\/Logo_Paikkatietokonsultit.png\",\"width\":783,\"height\":395,\"caption\":\"Paikkatietokonsultit Oy\"},\"image\":{\"@id\":\"https:\/\/www.paikkatietokonsultit.fi\/#\/schema\/logo\/image\/\"}}]}<\/script>\n<!-- \/ Yoast SEO Premium plugin. -->","yoast_head_json":{"title":"Mobiililaitteella seurattavat reitit: Video-opastetut k\u00e4velyt ja retket - Paikkatietokonsultit","description":"Laadimme video-opastettuja reittej\u00e4, joita seurataan mobiililaitteella. Usein reitteihin sis\u00e4ltyy my\u00f6s pelillisi\u00e4 piirteit\u00e4.","robots":{"index":"index","follow":"follow","max-snippet":"max-snippet:-1","max-image-preview":"max-image-preview:large","max-video-preview":"max-video-preview:-1"},"canonical":"https:\/\/www.paikkatietokonsultit.fi\/sv\/virtuaaliset-reitit\/","og_locale":"sv_SE","og_type":"article","og_title":"Opastetut ja pelilliset reitit","og_description":"Laadimme video-opastettuja reittej\u00e4, joita seurataan mobiililaitteella. Usein reitteihin sis\u00e4ltyy my\u00f6s pelillisi\u00e4 piirteit\u00e4.","og_url":"https:\/\/www.paikkatietokonsultit.fi\/sv\/virtuaaliset-reitit\/","og_site_name":"Paikkatietokonsultit","article_modified_time":"2024-11-01T15:56:29+00:00","og_image":[{"width":200,"height":105,"url":"https:\/\/www.paikkatietokonsultit.fi\/wp-content\/uploads\/2016\/08\/logo1.jpg","type":"image\/jpeg"}],"twitter_card":"summary_large_image","twitter_misc":{"Ber\u00e4knad l\u00e4stid":"1 minut"},"schema":{"@context":"https:\/\/schema.org","@graph":[{"@type":"WebPage","@id":"https:\/\/www.paikkatietokonsultit.fi\/virtuaaliset-reitit\/","url":"https:\/\/www.paikkatietokonsultit.fi\/virtuaaliset-reitit\/","name":"Mobiililaitteella seurattavat reitit: Video-opastetut k\u00e4velyt ja retket - Paikkatietokonsultit","isPartOf":{"@id":"https:\/\/www.paikkatietokonsultit.fi\/#website"},"datePublished":"2024-11-01T15:53:54+00:00","dateModified":"2024-11-01T15:56:29+00:00","description":"Laadimme video-opastettuja reittej\u00e4, joita seurataan mobiililaitteella. Usein reitteihin sis\u00e4ltyy my\u00f6s pelillisi\u00e4 piirteit\u00e4.","breadcrumb":{"@id":"https:\/\/www.paikkatietokonsultit.fi\/virtuaaliset-reitit\/#breadcrumb"},"inLanguage":"sv-SE","potentialAction":[{"@type":"ReadAction","target":["https:\/\/www.paikkatietokonsultit.fi\/virtuaaliset-reitit\/"]}]},{"@type":"BreadcrumbList","@id":"https:\/\/www.paikkatietokonsultit.fi\/virtuaaliset-reitit\/#breadcrumb","itemListElement":[{"@type":"ListItem","position":1,"name":"Home","item":"https:\/\/www.paikkatietokonsultit.fi\/"},{"@type":"ListItem","position":2,"name":"Opastetut ja pelilliset reitit"}]},{"@type":"WebSite","@id":"https:\/\/www.paikkatietokonsultit.fi\/#website","url":"https:\/\/www.paikkatietokonsultit.fi\/","name":"Paikkatietokonsultit","description":"","publisher":{"@id":"https:\/\/www.paikkatietokonsultit.fi\/#organization"},"potentialAction":[{"@type":"SearchAction","target":{"@type":"EntryPoint","urlTemplate":"https:\/\/www.paikkatietokonsultit.fi\/?s={search_term_string}"},"query-input":"required name=search_term_string"}],"inLanguage":"sv-SE"},{"@type":"Organization","@id":"https:\/\/www.paikkatietokonsultit.fi\/#organization","name":"Paikkatietokonsultit Oy","url":"https:\/\/www.paikkatietokonsultit.fi\/","logo":{"@type":"ImageObject","inLanguage":"sv-SE","@id":"https:\/\/www.paikkatietokonsultit.fi\/#\/schema\/logo\/image\/","url":"https:\/\/www.paikkatietokonsultit.fi\/wp-content\/uploads\/2022\/03\/Logo_Paikkatietokonsultit.png","contentUrl":"https:\/\/www.paikkatietokonsultit.fi\/wp-content\/uploads\/2022\/03\/Logo_Paikkatietokonsultit.png","width":783,"height":395,"caption":"Paikkatietokonsultit Oy"},"image":{"@id":"https:\/\/www.paikkatietokonsultit.fi\/#\/schema\/logo\/image\/"}}]}},"_links":{"self":[{"href":"https:\/\/www.paikkatietokonsultit.fi\/sv\/wp-json\/wp\/v2\/pages\/6604","targetHints":{"allow":["GET"]}}],"collection":[{"href":"https:\/\/www.paikkatietokonsultit.fi\/sv\/wp-json\/wp\/v2\/pages"}],"about":[{"href":"https:\/\/www.paikkatietokonsultit.fi\/sv\/wp-json\/wp\/v2\/types\/page"}],"author":[{"embeddable":true,"href":"https:\/\/www.paikkatietokonsultit.fi\/sv\/wp-json\/wp\/v2\/users\/2"}],"replies":[{"embeddable":true,"href":"https:\/\/www.paikkatietokonsultit.fi\/sv\/wp-json\/wp\/v2\/comments?post=6604"}],"version-history":[{"count":1,"href":"https:\/\/www.paikkatietokonsultit.fi\/sv\/wp-json\/wp\/v2\/pages\/6604\/revisions"}],"predecessor-version":[{"id":6605,"href":"https:\/\/www.paikkatietokonsultit.fi\/sv\/wp-json\/wp\/v2\/pages\/6604\/revisions\/6605"}],"wp:attachment":[{"href":"https:\/\/www.paikkatietokonsultit.fi\/sv\/wp-json\/wp\/v2\/media?parent=6604"}],"curies":[{"name":"wp","href":"https:\/\/api.w.org\/{rel}","templated":true}]}}